{"id":428,"date":"2024-02-13T20:48:59","date_gmt":"2024-02-13T20:48:59","guid":{"rendered":"http:\/\/ncss.mx\/es\/?page_id=428"},"modified":"2024-03-13T22:26:40","modified_gmt":"2024-03-13T22:26:40","slug":"soft-landing","status":"publish","type":"page","link":"http:\/\/ncss.mx\/es\/soft-landing\/","title":{"rendered":"Soft Landing:"},"content":{"rendered":"\n<p><strong>Integradores y Facilitadores<\/strong> para conectar a clientes con compa\u00f1\u00edas especializadas y profesionales para la relocalizaci\u00f3n de tu Empresa, tus Empleados y sus Familias.<\/p>\n\n\n\n<ul class=\"wp-block-list\">\n<li>Salud<\/li>\n\n\n\n<li>Seguridad<\/li>\n\n\n\n<li>Seguros<\/li>\n\n\n\n<li>Hogar y Escuela<\/li>\n\n\n\n<li>Sistemas log\u00edsticos<\/li>\n<\/ul>\n","protected":false},"excerpt":{"rendered":"<p>Integradores y Facilitadores para conectar a clientes con compa\u00f1\u00edas especializadas y profesionales para la relocalizaci\u00f3n de tu Empresa, tus Empleados y sus Familias.<\/p>\n","protected":false},"author":1,"featured_media":0,"parent":0,"menu_order":0,"comment_status":"closed","ping_status":"closed","template":"","meta":{"footnotes":""},"class_list":["post-428","page","type-page","status-publish","hentry"],"_links":{"self":[{"href":"http:\/\/ncss.mx\/es\/wp-json\/wp\/v2\/pages\/428","targetHints":{"allow":["GET"]}}],"collection":[{"href":"http:\/\/ncss.mx\/es\/wp-json\/wp\/v2\/pages"}],"about":[{"href":"http:\/\/ncss.mx\/es\/wp-json\/wp\/v2\/types\/page"}],"author":[{"embeddable":true,"href":"http:\/\/ncss.mx\/es\/wp-json\/wp\/v2\/users\/1"}],"replies":[{"embeddable":true,"href":"http:\/\/ncss.mx\/es\/wp-json\/wp\/v2\/comments?post=428"}],"version-history":[{"count":2,"href":"http:\/\/ncss.mx\/es\/wp-json\/wp\/v2\/pages\/428\/revisions"}],"predecessor-version":[{"id":737,"href":"http:\/\/ncss.mx\/es\/wp-json\/wp\/v2\/pages\/428\/revisions\/737"}],"wp:attachment":[{"href":"http:\/\/ncss.mx\/es\/wp-json\/wp\/v2\/media?parent=428"}],"curies":[{"name":"wp","href":"https:\/\/api.w.org\/{rel}","templated":true}]}}