{"id":425,"date":"2024-02-13T20:45:00","date_gmt":"2024-02-13T20:45:00","guid":{"rendered":"http:\/\/ncss.mx\/es\/?page_id=425"},"modified":"2024-03-13T22:19:34","modified_gmt":"2024-03-13T22:19:34","slug":"strategic-communications-and-public-relations","status":"publish","type":"page","link":"http:\/\/ncss.mx\/es\/strategic-communications-and-public-relations\/","title":{"rendered":"Comunicaci\u00f3n Estrat\u00e9gica y Relaciones P\u00fablicas"},"content":{"rendered":"\n<ul class=\"wp-block-list\">\n<li><strong>Mensaje y Narrativa<\/strong><\/li>\n\n\n\n<li><strong>L\u00edderes de opini\u00f3n<\/strong><\/li>\n\n\n\n<li><strong>Medios de Comunicaci\u00f3n<\/strong><\/li>\n\n\n\n<li><strong>Manejo de Crisis<\/strong><\/li>\n\n\n\n<li><strong>Eventos<\/strong><\/li>\n<\/ul>\n","protected":false},"excerpt":{"rendered":"","protected":false},"author":1,"featured_media":0,"parent":0,"menu_order":0,"comment_status":"closed","ping_status":"closed","template":"templates\/template-page-full-width.php","meta":{"footnotes":""},"class_list":["post-425","page","type-page","status-publish","hentry"],"_links":{"self":[{"href":"http:\/\/ncss.mx\/es\/wp-json\/wp\/v2\/pages\/425","targetHints":{"allow":["GET"]}}],"collection":[{"href":"http:\/\/ncss.mx\/es\/wp-json\/wp\/v2\/pages"}],"about":[{"href":"http:\/\/ncss.mx\/es\/wp-json\/wp\/v2\/types\/page"}],"author":[{"embeddable":true,"href":"http:\/\/ncss.mx\/es\/wp-json\/wp\/v2\/users\/1"}],"replies":[{"embeddable":true,"href":"http:\/\/ncss.mx\/es\/wp-json\/wp\/v2\/comments?post=425"}],"version-history":[{"count":3,"href":"http:\/\/ncss.mx\/es\/wp-json\/wp\/v2\/pages\/425\/revisions"}],"predecessor-version":[{"id":735,"href":"http:\/\/ncss.mx\/es\/wp-json\/wp\/v2\/pages\/425\/revisions\/735"}],"wp:attachment":[{"href":"http:\/\/ncss.mx\/es\/wp-json\/wp\/v2\/media?parent=425"}],"curies":[{"name":"wp","href":"https:\/\/api.w.org\/{rel}","templated":true}]}}