{"id":422,"date":"2024-02-13T20:35:46","date_gmt":"2024-02-13T20:35:46","guid":{"rendered":"http:\/\/ncss.mx\/es\/?page_id=422"},"modified":"2024-03-13T22:09:21","modified_gmt":"2024-03-13T22:09:21","slug":"human-resources-specialized-training-and-technological-innovation","status":"publish","type":"page","link":"http:\/\/ncss.mx\/es\/human-resources-specialized-training-and-technological-innovation\/","title":{"rendered":"Recursos Humanos, Capacitaci\u00f3n Especializada, Innovaci\u00f3n Tecnol\u00f3gica"},"content":{"rendered":"\n<p>Atendemos necesidades de personal calificado y fuerza laboral de acuerdo a tus lineamientos.<\/p>\n\n\n\n<p>Colaboraci\u00f3n con universidades, centros cient\u00edficos y tecnol\u00f3gicos, e investigadores.<\/p>\n\n\n\n<p>Colaboraci\u00f3n con centros de desarrollo, de investigaci\u00f3n, de tecnolog\u00eda y clusters regionales.<\/p>\n","protected":false},"excerpt":{"rendered":"<p>Atendemos necesidades de personal calificado y fuerza laboral de acuerdo a tus lineamientos. Colaboraci\u00f3n con universidades, centros cient\u00edficos y tecnol\u00f3gicos, e investigadores. Colaboraci\u00f3n con centros de desarrollo, de investigaci\u00f3n, de&hellip;<\/p>\n","protected":false},"author":1,"featured_media":0,"parent":0,"menu_order":0,"comment_status":"closed","ping_status":"closed","template":"templates\/template-page-full-width.php","meta":{"footnotes":""},"class_list":["post-422","page","type-page","status-publish","hentry"],"_links":{"self":[{"href":"http:\/\/ncss.mx\/es\/wp-json\/wp\/v2\/pages\/422","targetHints":{"allow":["GET"]}}],"collection":[{"href":"http:\/\/ncss.mx\/es\/wp-json\/wp\/v2\/pages"}],"about":[{"href":"http:\/\/ncss.mx\/es\/wp-json\/wp\/v2\/types\/page"}],"author":[{"embeddable":true,"href":"http:\/\/ncss.mx\/es\/wp-json\/wp\/v2\/users\/1"}],"replies":[{"embeddable":true,"href":"http:\/\/ncss.mx\/es\/wp-json\/wp\/v2\/comments?post=422"}],"version-history":[{"count":3,"href":"http:\/\/ncss.mx\/es\/wp-json\/wp\/v2\/pages\/422\/revisions"}],"predecessor-version":[{"id":731,"href":"http:\/\/ncss.mx\/es\/wp-json\/wp\/v2\/pages\/422\/revisions\/731"}],"wp:attachment":[{"href":"http:\/\/ncss.mx\/es\/wp-json\/wp\/v2\/media?parent=422"}],"curies":[{"name":"wp","href":"https:\/\/api.w.org\/{rel}","templated":true}]}}