{"id":416,"date":"2024-02-13T20:29:01","date_gmt":"2024-02-13T20:29:01","guid":{"rendered":"http:\/\/ncss.mx\/es\/?page_id=416"},"modified":"2024-03-13T20:37:55","modified_gmt":"2024-03-13T20:37:55","slug":"sociodemographic-urban-studies-and-real-estate","status":"publish","type":"page","link":"http:\/\/ncss.mx\/es\/sociodemographic-urban-studies-and-real-estate\/","title":{"rendered":"An\u00e1lisis socio demogr\u00e1ficos y urbanos y Desarrollo Inmobiliario:"},"content":{"rendered":"\n<p><strong>Profesionales inmobiliarios<\/strong> analizan el mejor lugar para tu negocio, seg\u00fan tus necesidades de infraestructura y log\u00edstica (construcci\u00f3n, agua, electricidad, transporte, gas, energ\u00eda, telecomunicaciones).<\/p>\n\n\n\n<p><strong>Sostenibilidad:<\/strong> Dise\u00f1a e implementa pol\u00edticas ESG s\u00f3lidas para cumplir con las regulaciones federales y locales, y generar ingresos<em>.<\/em><\/p>\n","protected":false},"excerpt":{"rendered":"<p>Profesionales inmobiliarios analizan el mejor lugar para tu negocio, seg\u00fan tus necesidades de infraestructura y log\u00edstica (construcci\u00f3n, agua, electricidad, transporte, gas, energ\u00eda, telecomunicaciones). Sostenibilidad: Dise\u00f1a e implementa pol\u00edticas ESG s\u00f3lidas&hellip;<\/p>\n","protected":false},"author":1,"featured_media":0,"parent":0,"menu_order":0,"comment_status":"closed","ping_status":"closed","template":"templates\/template-page-full-width.php","meta":{"footnotes":""},"class_list":["post-416","page","type-page","status-publish","hentry"],"_links":{"self":[{"href":"http:\/\/ncss.mx\/es\/wp-json\/wp\/v2\/pages\/416","targetHints":{"allow":["GET"]}}],"collection":[{"href":"http:\/\/ncss.mx\/es\/wp-json\/wp\/v2\/pages"}],"about":[{"href":"http:\/\/ncss.mx\/es\/wp-json\/wp\/v2\/types\/page"}],"author":[{"embeddable":true,"href":"http:\/\/ncss.mx\/es\/wp-json\/wp\/v2\/users\/1"}],"replies":[{"embeddable":true,"href":"http:\/\/ncss.mx\/es\/wp-json\/wp\/v2\/comments?post=416"}],"version-history":[{"count":3,"href":"http:\/\/ncss.mx\/es\/wp-json\/wp\/v2\/pages\/416\/revisions"}],"predecessor-version":[{"id":727,"href":"http:\/\/ncss.mx\/es\/wp-json\/wp\/v2\/pages\/416\/revisions\/727"}],"wp:attachment":[{"href":"http:\/\/ncss.mx\/es\/wp-json\/wp\/v2\/media?parent=416"}],"curies":[{"name":"wp","href":"https:\/\/api.w.org\/{rel}","templated":true}]}}