{"id":388,"date":"2024-02-01T05:44:59","date_gmt":"2024-02-01T05:44:59","guid":{"rendered":"http:\/\/ncss.mx\/es\/?page_id=388"},"modified":"2024-03-13T19:44:56","modified_gmt":"2024-03-13T19:44:56","slug":"legal-consulting-and-advocacy","status":"publish","type":"page","link":"http:\/\/ncss.mx\/es\/legal-consulting-and-advocacy\/","title":{"rendered":"Consultor\u00eda Legal"},"content":{"rendered":"\n<p><strong>Consultor\u00eda Legal<\/strong><\/p>\n\n\n\n<p>Opera con tranquilidad: garantizamos tu constituci\u00f3n legal, cumplimiento normativo y te mantenemos informado del impacto regulatorio en tu negocio.<\/p>\n\n\n\n<p><strong>Contratos y Transacciones Comerciales<\/strong><\/p>\n\n\n\n<p>Nuestro equipo cuenta con amplia experiencia en transacciones de fusiones y adquisiciones (M&amp;A), as\u00ed como en la redacci\u00f3n y revisi\u00f3n de documentos legales y contratos comerciales.<\/p>\n\n\n\n<p><strong>Derecho Laboral y Relaciones Sindicales<\/strong><\/p>\n\n\n\n<p>Nuestro equipo posee un profundo conocimiento de las leyes laborales, la din\u00e1mica sindical y las pr\u00e1cticas de negociaci\u00f3n colectiva.<\/p>\n","protected":false},"excerpt":{"rendered":"<p>Consultor\u00eda Legal Opera con tranquilidad: garantizamos tu constituci\u00f3n legal, cumplimiento normativo y te mantenemos informado del impacto regulatorio en tu negocio. Contratos y Transacciones Comerciales Nuestro equipo cuenta con amplia&hellip;<\/p>\n","protected":false},"author":1,"featured_media":0,"parent":0,"menu_order":0,"comment_status":"closed","ping_status":"closed","template":"templates\/template-page-full-width.php","meta":{"footnotes":""},"class_list":["post-388","page","type-page","status-publish","hentry"],"_links":{"self":[{"href":"http:\/\/ncss.mx\/es\/wp-json\/wp\/v2\/pages\/388","targetHints":{"allow":["GET"]}}],"collection":[{"href":"http:\/\/ncss.mx\/es\/wp-json\/wp\/v2\/pages"}],"about":[{"href":"http:\/\/ncss.mx\/es\/wp-json\/wp\/v2\/types\/page"}],"author":[{"embeddable":true,"href":"http:\/\/ncss.mx\/es\/wp-json\/wp\/v2\/users\/1"}],"replies":[{"embeddable":true,"href":"http:\/\/ncss.mx\/es\/wp-json\/wp\/v2\/comments?post=388"}],"version-history":[{"count":9,"href":"http:\/\/ncss.mx\/es\/wp-json\/wp\/v2\/pages\/388\/revisions"}],"predecessor-version":[{"id":723,"href":"http:\/\/ncss.mx\/es\/wp-json\/wp\/v2\/pages\/388\/revisions\/723"}],"wp:attachment":[{"href":"http:\/\/ncss.mx\/es\/wp-json\/wp\/v2\/media?parent=388"}],"curies":[{"name":"wp","href":"https:\/\/api.w.org\/{rel}","templated":true}]}}