{"id":374,"date":"2024-02-01T05:26:36","date_gmt":"2024-02-01T05:26:36","guid":{"rendered":"http:\/\/ncss.mx\/es\/?page_id=374"},"modified":"2024-03-13T19:10:57","modified_gmt":"2024-03-13T19:10:57","slug":"federal-state-and-local-government-relations-and-lobbying","status":"publish","type":"page","link":"http:\/\/ncss.mx\/es\/federal-state-and-local-government-relations-and-lobbying\/","title":{"rendered":"RELACIONES CON GOBIERNO E INCIDENCIA :"},"content":{"rendered":"\n<p><strong>Relacionamiento<\/strong><\/p>\n\n\n\n<p>Acompa\u00f1amiento estrat\u00e9gico y transparencia para garantizar que actores claves y tomadores de decisiones conozcan tu relevancia.<\/p>\n\n\n\n<p><strong>Seguimiento y An\u00e1lisis<\/strong><\/p>\n\n\n\n<p>De pol\u00edticas p\u00fablicas y regulaciones para estar preparados ante la necesidad de mitigar riesgos y aprovechar oportunidades.<\/p>\n\n\n\n<p><strong>Comunidades<\/strong><\/p>\n\n\n\n<p>Relacionamiento con comunidades donde radican los negocios, para convertirse en un factor positivo dentro de la comunidad y el entorno local, generando relaciones duraderas<\/p>\n","protected":false},"excerpt":{"rendered":"<p>Relacionamiento Acompa\u00f1amiento estrat\u00e9gico y transparencia para garantizar que actores claves y tomadores de decisiones conozcan tu relevancia. Seguimiento y An\u00e1lisis De pol\u00edticas p\u00fablicas y regulaciones para estar preparados ante la&hellip;<\/p>\n","protected":false},"author":1,"featured_media":0,"parent":0,"menu_order":0,"comment_status":"closed","ping_status":"closed","template":"templates\/template-page-full-width.php","meta":{"footnotes":""},"class_list":["post-374","page","type-page","status-publish","hentry"],"_links":{"self":[{"href":"http:\/\/ncss.mx\/es\/wp-json\/wp\/v2\/pages\/374","targetHints":{"allow":["GET"]}}],"collection":[{"href":"http:\/\/ncss.mx\/es\/wp-json\/wp\/v2\/pages"}],"about":[{"href":"http:\/\/ncss.mx\/es\/wp-json\/wp\/v2\/types\/page"}],"author":[{"embeddable":true,"href":"http:\/\/ncss.mx\/es\/wp-json\/wp\/v2\/users\/1"}],"replies":[{"embeddable":true,"href":"http:\/\/ncss.mx\/es\/wp-json\/wp\/v2\/comments?post=374"}],"version-history":[{"count":5,"href":"http:\/\/ncss.mx\/es\/wp-json\/wp\/v2\/pages\/374\/revisions"}],"predecessor-version":[{"id":721,"href":"http:\/\/ncss.mx\/es\/wp-json\/wp\/v2\/pages\/374\/revisions\/721"}],"wp:attachment":[{"href":"http:\/\/ncss.mx\/es\/wp-json\/wp\/v2\/media?parent=374"}],"curies":[{"name":"wp","href":"https:\/\/api.w.org\/{rel}","templated":true}]}}