{"id":334,"date":"2024-01-31T17:00:57","date_gmt":"2024-01-31T17:00:57","guid":{"rendered":"http:\/\/ncss.mx\/es\/?page_id=334"},"modified":"2024-03-13T20:15:24","modified_gmt":"2024-03-13T20:15:24","slug":"finance-tax-banking","status":"publish","type":"page","link":"http:\/\/ncss.mx\/es\/finance-tax-banking\/","title":{"rendered":"Finanzas, Impuestos y Banca"},"content":{"rendered":"\n<p class=\"has-text-align-left\">An\u00e1lisis del sistema fiscal y financiero por abogados especializados, para identificar los beneficios fiscales y c\u00f3mo implementarlos.<\/p>\n\n\n\n<p>Enlace con el banco m\u00e1s importante de M\u00e9xico para cubrir tus necesidades financieras.<\/p>\n","protected":false},"excerpt":{"rendered":"<p>An\u00e1lisis del sistema fiscal y financiero por abogados especializados, para identificar los beneficios fiscales y c\u00f3mo implementarlos. Enlace con el banco m\u00e1s importante de M\u00e9xico para cubrir tus necesidades financieras.<\/p>\n","protected":false},"author":1,"featured_media":0,"parent":0,"menu_order":0,"comment_status":"closed","ping_status":"closed","template":"templates\/template-page-full-width.php","meta":{"footnotes":""},"class_list":["post-334","page","type-page","status-publish","hentry"],"_links":{"self":[{"href":"http:\/\/ncss.mx\/es\/wp-json\/wp\/v2\/pages\/334","targetHints":{"allow":["GET"]}}],"collection":[{"href":"http:\/\/ncss.mx\/es\/wp-json\/wp\/v2\/pages"}],"about":[{"href":"http:\/\/ncss.mx\/es\/wp-json\/wp\/v2\/types\/page"}],"author":[{"embeddable":true,"href":"http:\/\/ncss.mx\/es\/wp-json\/wp\/v2\/users\/1"}],"replies":[{"embeddable":true,"href":"http:\/\/ncss.mx\/es\/wp-json\/wp\/v2\/comments?post=334"}],"version-history":[{"count":6,"href":"http:\/\/ncss.mx\/es\/wp-json\/wp\/v2\/pages\/334\/revisions"}],"predecessor-version":[{"id":725,"href":"http:\/\/ncss.mx\/es\/wp-json\/wp\/v2\/pages\/334\/revisions\/725"}],"wp:attachment":[{"href":"http:\/\/ncss.mx\/es\/wp-json\/wp\/v2\/media?parent=334"}],"curies":[{"name":"wp","href":"https:\/\/api.w.org\/{rel}","templated":true}]}}